{"id":687,"date":"2024-06-24T18:25:05","date_gmt":"2024-06-24T18:25:05","guid":{"rendered":"https:\/\/fotografo.vamtam.com\/?page_id=687"},"modified":"2026-01-08T11:51:53","modified_gmt":"2026-01-08T10:51:53","slug":"faq","status":"publish","type":"page","link":"https:\/\/www.studiofragola.fr\/?page_id=687","title":{"rendered":"LE STUDIO"},"content":{"rendered":"\t\t<div data-elementor-type=\"wp-page\" data-elementor-id=\"687\" class=\"elementor elementor-687\" data-elementor-post-type=\"page\">\n\t\t\t\t<div class=\"elementor-element elementor-element-5cd791c e-con-full e-flex e-con e-parent\" data-id=\"5cd791c\" data-element_type=\"container\" data-settings=\"{&quot;animation&quot;:&quot;none&quot;,&quot;animation_tablet&quot;:&quot;none&quot;,&quot;background_background&quot;:&quot;classic&quot;}\">\n\t\t<div class=\"elementor-element elementor-element-e7e3a5c e-con-full e-flex e-con e-child\" data-id=\"e7e3a5c\" data-element_type=\"container\">\n\t\t\t\t<div class=\"vamtam-has-theme-widget-styles elementor-element elementor-element-90c09e9 elementor-widget elementor-widget-heading\" data-id=\"90c09e9\" data-element_type=\"widget\" data-widget_type=\"heading.default\">\n\t\t\t\t<div class=\"elementor-widget-container\">\n\t\t\t\t\t<h5 class=\"elementor-heading-title elementor-size-default\">[ FOR ALL YOUR BRAND\u2019S CREATIVE NEEDS ]<\/h5>\t\t\t\t<\/div>\n\t\t\t\t<\/div>\n\t\t\t\t<div class=\"vamtam-has-theme-widget-styles elementor-element elementor-element-01a2261 e-transform elementor-widget elementor-widget-image\" data-id=\"01a2261\" data-element_type=\"widget\" data-settings=\"{&quot;_transform_rotateZ_effect&quot;:{&quot;unit&quot;:&quot;px&quot;,&quot;size&quot;:180,&quot;sizes&quot;:[]},&quot;_transform_rotateZ_effect_widescreen&quot;:{&quot;unit&quot;:&quot;deg&quot;,&quot;size&quot;:&quot;&quot;,&quot;sizes&quot;:[]},&quot;_transform_rotateZ_effect_tablet&quot;:{&quot;unit&quot;:&quot;deg&quot;,&quot;size&quot;:&quot;&quot;,&quot;sizes&quot;:[]},&quot;_transform_rotateZ_effect_mobile&quot;:{&quot;unit&quot;:&quot;deg&quot;,&quot;size&quot;:&quot;&quot;,&quot;sizes&quot;:[]}}\" data-widget_type=\"image.default\">\n\t\t\t\t<div class=\"elementor-widget-container\">\n\t\t\t\t\t\t\t\t\t\t\t\t\t\t\t<img fetchpriority=\"high\" decoding=\"async\" width=\"800\" height=\"1000\" src=\"https:\/\/www.studiofragola.fr\/wp-content\/uploads\/2025\/06\/photographe_beaute_cosmetiquees00035.jpg\" class=\"attachment-large size-large wp-image-987796\" alt=\"photographie beaut\u00e9 cosm\u00e9tiques \u00e0 paris en studio maquillage guerlain\" srcset=\"https:\/\/www.studiofragola.fr\/wp-content\/uploads\/2025\/06\/photographe_beaute_cosmetiquees00035.jpg 800w, https:\/\/www.studiofragola.fr\/wp-content\/uploads\/2025\/06\/photographe_beaute_cosmetiquees00035-240x300.jpg 240w, https:\/\/www.studiofragola.fr\/wp-content\/uploads\/2025\/06\/photographe_beaute_cosmetiquees00035-768x960.jpg 768w\" sizes=\"(max-width: 800px) 100vw, 800px\" \/>\t\t\t\t\t\t\t\t\t\t\t\t\t\t\t<\/div>\n\t\t\t\t<\/div>\n\t\t\t\t<\/div>\n\t\t<div class=\"elementor-element elementor-element-72928b9 e-con-full e-flex e-con e-child\" data-id=\"72928b9\" data-element_type=\"container\">\n\t\t<div class=\"elementor-element elementor-element-9b85992 e-grid e-con-full e-con e-child\" data-id=\"9b85992\" data-element_type=\"container\">\n\t\t\t\t<\/div>\n\t\t\t\t<div class=\"elementor-element elementor-element-8fa873b elementor-widget__width-initial elementor-widget elementor-widget-n-accordion\" data-id=\"8fa873b\" data-element_type=\"widget\" data-settings=\"{&quot;default_state&quot;:&quot;expanded&quot;,&quot;max_items_expended&quot;:&quot;one&quot;,&quot;n_accordion_animation_duration&quot;:{&quot;unit&quot;:&quot;ms&quot;,&quot;size&quot;:400,&quot;sizes&quot;:[]}}\" data-widget_type=\"nested-accordion.default\">\n\t\t\t\t<div class=\"elementor-widget-container\">\n\t\t\t\t\t\t\t<div class=\"e-n-accordion\" aria-label=\"Accordion. Open links with Enter or Space, close with Escape, and navigate with Arrow Keys\">\n\t\t\t\t\t\t<details id=\"e-n-accordion-item-1500\" class=\"e-n-accordion-item\" open>\n\t\t\t\t<summary class=\"e-n-accordion-item-title\" data-accordion-index=\"1\" tabindex=\"0\" aria-expanded=\"true\" aria-controls=\"e-n-accordion-item-1500\" >\n\t\t\t\t\t<span class='e-n-accordion-item-title-header'><div class=\"e-n-accordion-item-title-text\"> LE STUDIO <\/div><\/span>\n\t\t\t\t\t\t\t<span class='e-n-accordion-item-title-icon'>\n\t\t\t<span class='e-opened' ><i aria-hidden=\"true\" class=\"vamtamtheme- vamtam-theme-minus\"><\/i><\/span>\n\t\t\t<span class='e-closed'><i aria-hidden=\"true\" class=\"vamtamtheme- vamtam-theme-plus\"><\/i><\/span>\n\t\t<\/span>\n\n\t\t\t\t\t\t<\/summary>\n\t\t\t\t<div role=\"region\" aria-labelledby=\"e-n-accordion-item-1500\" class=\"elementor-element elementor-element-393c1db e-con-full e-flex e-con e-child\" data-id=\"393c1db\" data-element_type=\"container\">\n\t\t\t\t<div class=\"elementor-element elementor-element-61a4c45 elementor-widget elementor-widget-text-editor\" data-id=\"61a4c45\" data-element_type=\"widget\" data-widget_type=\"text-editor.default\">\n\t\t\t\t<div class=\"elementor-widget-container\">\n\t\t\t\t\t\t\t\t\t<p>Studio Fragola accompagne les marques de beaut\u00e9 et de joaillerie dans la cr\u00e9ation et l\u2019\u00e9volution de leurs images, en associant direction artistique et production photo et vid\u00e9o.<br data-start=\"432\" data-end=\"435\" \/>Install\u00e9 dans une ancienne cour d\u2019atelier \u00e0 Paris Bastille, le studio est enti\u00e8rement \u00e9quip\u00e9 et pens\u00e9 comme un outil de production fiable et agile.<br data-start=\"582\" data-end=\"585\" \/>Nous travaillons avec les marques dans une logique de continuit\u00e9, en construisant des images coh\u00e9rentes, durables et adapt\u00e9es aux usages actuels.<br data-start=\"730\" data-end=\"733\" \/><br \/><\/p>\t\t\t\t\t\t\t\t<\/div>\n\t\t\t\t<\/div>\n\t\t\t\t<\/div>\n\t\t\t\t\t<\/details>\n\t\t\t\t\t\t<details id=\"e-n-accordion-item-1501\" class=\"e-n-accordion-item\" >\n\t\t\t\t<summary class=\"e-n-accordion-item-title\" data-accordion-index=\"2\" tabindex=\"-1\" aria-expanded=\"false\" aria-controls=\"e-n-accordion-item-1501\" >\n\t\t\t\t\t<span class='e-n-accordion-item-title-header'><div class=\"e-n-accordion-item-title-text\"> DIRECTION ARTISTIQUE <\/div><\/span>\n\t\t\t\t\t\t\t<span class='e-n-accordion-item-title-icon'>\n\t\t\t<span class='e-opened' ><i aria-hidden=\"true\" class=\"vamtamtheme- vamtam-theme-minus\"><\/i><\/span>\n\t\t\t<span class='e-closed'><i aria-hidden=\"true\" class=\"vamtamtheme- vamtam-theme-plus\"><\/i><\/span>\n\t\t<\/span>\n\n\t\t\t\t\t\t<\/summary>\n\t\t\t\t<div role=\"region\" aria-labelledby=\"e-n-accordion-item-1501\" class=\"elementor-element elementor-element-0de6df6 e-con-full e-flex e-con e-child\" data-id=\"0de6df6\" data-element_type=\"container\">\n\t\t\t\t<div class=\"elementor-element elementor-element-ec03846 elementor-widget elementor-widget-text-editor\" data-id=\"ec03846\" data-element_type=\"widget\" data-widget_type=\"text-editor.default\">\n\t\t\t\t<div class=\"elementor-widget-container\">\n\t\t\t\t\t\t\t\t\t<p>Nous apportons une vision globale aux shootings et tournages, en pensant l\u2019image dans sa globalit\u00e9, au-del\u00e0 du simple set.<br data-start=\"226\" data-end=\"229\" \/>Direction artistique, coh\u00e9rence de marque et narration visuelle sont int\u00e9gr\u00e9es d\u00e8s l\u2019amont.<br data-start=\"320\" data-end=\"323\" \/>Nous cr\u00e9ons des univers d\u00e9sirables et adaptables, pens\u00e9s pour accompagner les marques dans la dur\u00e9e.<\/p>\t\t\t\t\t\t\t\t<\/div>\n\t\t\t\t<\/div>\n\t\t\t\t<\/div>\n\t\t\t\t\t<\/details>\n\t\t\t\t\t\t<details id=\"e-n-accordion-item-1502\" class=\"e-n-accordion-item\" >\n\t\t\t\t<summary class=\"e-n-accordion-item-title\" data-accordion-index=\"3\" tabindex=\"-1\" aria-expanded=\"false\" aria-controls=\"e-n-accordion-item-1502\" >\n\t\t\t\t\t<span class='e-n-accordion-item-title-header'><div class=\"e-n-accordion-item-title-text\"> PRE-PRODUCTION <\/div><\/span>\n\t\t\t\t\t\t\t<span class='e-n-accordion-item-title-icon'>\n\t\t\t<span class='e-opened' ><i aria-hidden=\"true\" class=\"vamtamtheme- vamtam-theme-minus\"><\/i><\/span>\n\t\t\t<span class='e-closed'><i aria-hidden=\"true\" class=\"vamtamtheme- vamtam-theme-plus\"><\/i><\/span>\n\t\t<\/span>\n\n\t\t\t\t\t\t<\/summary>\n\t\t\t\t<div role=\"region\" aria-labelledby=\"e-n-accordion-item-1502\" class=\"elementor-element elementor-element-f792343 e-con-full e-flex e-con e-child\" data-id=\"f792343\" data-element_type=\"container\">\n\t\t\t\t<div class=\"elementor-element elementor-element-7138b3f elementor-widget elementor-widget-text-editor\" data-id=\"7138b3f\" data-element_type=\"widget\" data-widget_type=\"text-editor.default\">\n\t\t\t\t<div class=\"elementor-widget-container\">\n\t\t\t\t\t\t\t\t\t<p>Tout commence en amont. <span style=\"caret-color: #000000; color: #000000; font-size: medium; font-style: normal; font-variant-caps: normal; text-align: var(--text-align); letter-spacing: var( --e-global-typography-vamtam_primary_font-letter-spacing ); text-transform: var( --e-global-typography-vamtam_primary_font-transform, none ); background-color: rgba(255, 255, 255, 0); text-decoration: var( --e-global-typography-vamtam_primary_font-decoration, none );\">Nous assurons l&rsquo;\u00e9criture des moodboards, et l\u2019\u00e9laboration des callsheet\/ Nous g\u00e9rons le casting des mod\u00e8les, le recrutement des \u00e9quipes (photo, vid\u00e9o, beaut\u00e9, stylisme) et la recherche de lieux si n\u00e9cessaire.<\/span><\/p>\t\t\t\t\t\t\t\t<\/div>\n\t\t\t\t<\/div>\n\t\t\t\t<\/div>\n\t\t\t\t\t<\/details>\n\t\t\t\t\t\t<details id=\"e-n-accordion-item-1503\" class=\"e-n-accordion-item\" >\n\t\t\t\t<summary class=\"e-n-accordion-item-title\" data-accordion-index=\"4\" tabindex=\"-1\" aria-expanded=\"false\" aria-controls=\"e-n-accordion-item-1503\" >\n\t\t\t\t\t<span class='e-n-accordion-item-title-header'><div class=\"e-n-accordion-item-title-text\"> SHOOTING <\/div><\/span>\n\t\t\t\t\t\t\t<span class='e-n-accordion-item-title-icon'>\n\t\t\t<span class='e-opened' ><i aria-hidden=\"true\" class=\"vamtamtheme- vamtam-theme-minus\"><\/i><\/span>\n\t\t\t<span class='e-closed'><i aria-hidden=\"true\" class=\"vamtamtheme- vamtam-theme-plus\"><\/i><\/span>\n\t\t<\/span>\n\n\t\t\t\t\t\t<\/summary>\n\t\t\t\t<div role=\"region\" aria-labelledby=\"e-n-accordion-item-1503\" class=\"elementor-element elementor-element-1753ed9 e-con-full e-flex e-con e-child\" data-id=\"1753ed9\" data-element_type=\"container\">\n\t\t\t\t<div class=\"elementor-element elementor-element-8dbd2b0 elementor-widget elementor-widget-text-editor\" data-id=\"8dbd2b0\" data-element_type=\"widget\" data-widget_type=\"text-editor.default\">\n\t\t\t\t<div class=\"elementor-widget-container\">\n\t\t\t\t\t\t\t\t\t<p>Le studio dispose de tout le mat\u00e9riel professionnel n\u00e9cessaire \u00e0 la production photo et vid\u00e9o.<br data-start=\"1938\" data-end=\"1941\" \/>Nous constituons des \u00e9quipes sur mesure selon les projets : MUA, coiffeurs, vid\u00e9astes, photographe in home ou ext\u00e9rieur, stylistes, set designers.<br data-start=\"2186\" data-end=\"2189\" \/>Le studio s\u2019adapte aussi bien aux productions l\u00e9g\u00e8res qu\u2019aux dispositifs plus ambitieux.<\/p>\t\t\t\t\t\t\t\t<\/div>\n\t\t\t\t<\/div>\n\t\t\t\t<\/div>\n\t\t\t\t\t<\/details>\n\t\t\t\t\t\t<details id=\"e-n-accordion-item-1504\" class=\"e-n-accordion-item\" >\n\t\t\t\t<summary class=\"e-n-accordion-item-title\" data-accordion-index=\"5\" tabindex=\"-1\" aria-expanded=\"false\" aria-controls=\"e-n-accordion-item-1504\" >\n\t\t\t\t\t<span class='e-n-accordion-item-title-header'><div class=\"e-n-accordion-item-title-text\"> POST-PRODUCTION <\/div><\/span>\n\t\t\t\t\t\t\t<span class='e-n-accordion-item-title-icon'>\n\t\t\t<span class='e-opened' ><i aria-hidden=\"true\" class=\"vamtamtheme- vamtam-theme-minus\"><\/i><\/span>\n\t\t\t<span class='e-closed'><i aria-hidden=\"true\" class=\"vamtamtheme- vamtam-theme-plus\"><\/i><\/span>\n\t\t<\/span>\n\n\t\t\t\t\t\t<\/summary>\n\t\t\t\t<div role=\"region\" aria-labelledby=\"e-n-accordion-item-1504\" class=\"elementor-element elementor-element-39832b7 e-con-full e-flex e-con e-child\" data-id=\"39832b7\" data-element_type=\"container\">\n\t\t\t\t<div class=\"elementor-element elementor-element-11624da elementor-widget elementor-widget-text-editor\" data-id=\"11624da\" data-element_type=\"widget\" data-widget_type=\"text-editor.default\">\n\t\t\t\t<div class=\"elementor-widget-container\">\n\t\t\t\t\t\t\t\t\t<p>La post-production est r\u00e9alis\u00e9e en interne ou en collaboration avec un r\u00e9seau de retoucheurs experts, sp\u00e9cialis\u00e9s en cosm\u00e9tique et image de produit.<br data-start=\"2445\" data-end=\"2448\" \/>Nous assurons la retouche, l\u2019\u00e9talonnage et les d\u00e9clinaisons n\u00e9cessaires aux diff\u00e9rents supports de diffusion. Les outils IA sont int\u00e9gr\u00e9s \u00e0 la chaine de production.<\/p>\t\t\t\t\t\t\t\t<\/div>\n\t\t\t\t<\/div>\n\t\t\t\t<\/div>\n\t\t\t\t\t<\/details>\n\t\t\t\t\t<\/div>\n\t\t\t\t\t<script type=\"application\/ld+json\">{\"@context\":\"https:\\\/\\\/schema.org\",\"@type\":\"FAQPage\",\"mainEntity\":[{\"@type\":\"Question\",\"name\":\"LE STUDIO\",\"acceptedAnswer\":{\"@type\":\"Answer\",\"text\":\"Studio Fragola accompagne les marques de beaut\\u00e9 et de joaillerie dans la cr\\u00e9ation et l\\u2019\\u00e9volution de leurs images, en associant direction artistique et production photo et vid\\u00e9o.Install\\u00e9 dans une ancienne cour d\\u2019atelier \\u00e0 Paris Bastille, le studio est enti\\u00e8rement \\u00e9quip\\u00e9 et pens\\u00e9 comme un outil de production fiable et agile.Nous travaillons avec les marques dans une logique de continuit\\u00e9, en construisant des images coh\\u00e9rentes, durables et adapt\\u00e9es aux usages actuels.\"}},{\"@type\":\"Question\",\"name\":\"DIRECTION ARTISTIQUE\",\"acceptedAnswer\":{\"@type\":\"Answer\",\"text\":\"Nous apportons une vision globale aux shootings et tournages, en pensant l\\u2019image dans sa globalit\\u00e9, au-del\\u00e0 du simple set.Direction artistique, coh\\u00e9rence de marque et narration visuelle sont int\\u00e9gr\\u00e9es d\\u00e8s l\\u2019amont.Nous cr\\u00e9ons des univers d\\u00e9sirables et adaptables, pens\\u00e9s pour accompagner les marques dans la dur\\u00e9e.\"}},{\"@type\":\"Question\",\"name\":\"PRE-PRODUCTION\",\"acceptedAnswer\":{\"@type\":\"Answer\",\"text\":\"Tout commence en amont. Nous assurons l&rsquo;\\u00e9criture des moodboards, et l\\u2019\\u00e9laboration des callsheet\\\/ Nous g\\u00e9rons le casting des mod\\u00e8les, le recrutement des \\u00e9quipes (photo, vid\\u00e9o, beaut\\u00e9, stylisme) et la recherche de lieux si n\\u00e9cessaire.\"}},{\"@type\":\"Question\",\"name\":\"SHOOTING\",\"acceptedAnswer\":{\"@type\":\"Answer\",\"text\":\"Le studio dispose de tout le mat\\u00e9riel professionnel n\\u00e9cessaire \\u00e0 la production photo et vid\\u00e9o.Nous constituons des \\u00e9quipes sur mesure selon les projets : MUA, coiffeurs, vid\\u00e9astes, photographe in home ou ext\\u00e9rieur, stylistes, set designers.Le studio s\\u2019adapte aussi bien aux productions l\\u00e9g\\u00e8res qu\\u2019aux dispositifs plus ambitieux.\"}},{\"@type\":\"Question\",\"name\":\"POST-PRODUCTION\",\"acceptedAnswer\":{\"@type\":\"Answer\",\"text\":\"La post-production est r\\u00e9alis\\u00e9e en interne ou en collaboration avec un r\\u00e9seau de retoucheurs experts, sp\\u00e9cialis\\u00e9s en cosm\\u00e9tique et image de produit.Nous assurons la retouche, l\\u2019\\u00e9talonnage et les d\\u00e9clinaisons n\\u00e9cessaires aux diff\\u00e9rents supports de diffusion. Les outils IA sont int\\u00e9gr\\u00e9s \\u00e0 la chaine de production.\"}}]}<\/script>\n\t\t\t\t\t\t\t<\/div>\n\t\t\t\t<\/div>\n\t\t\t\t<\/div>\n\t\t\t\t<\/div>\n\t\t\t\t<\/div>\n\t\t","protected":false},"excerpt":{"rendered":"<p>[ FOR ALL YOUR BRAND\u2019S CREATIVE NEEDS ] LE STUDIO Studio Fragola accompagne les marques de beaut\u00e9 et de joaillerie dans la cr\u00e9ation et l\u2019\u00e9volution de leurs images, en associant direction artistique et production photo et vid\u00e9o.Install\u00e9 dans une ancienne cour d\u2019atelier \u00e0 Paris Bastille, le studio est enti\u00e8rement \u00e9quip\u00e9 et pens\u00e9 comme un outil&#8230;<\/p>\n","protected":false},"author":1,"featured_media":0,"parent":0,"menu_order":0,"comment_status":"closed","ping_status":"closed","template":"","meta":{"footnotes":""},"class_list":["post-687","page","type-page","status-publish","hentry"],"_links":{"self":[{"href":"https:\/\/www.studiofragola.fr\/index.php?rest_route=\/wp\/v2\/pages\/687","targetHints":{"allow":["GET"]}}],"collection":[{"href":"https:\/\/www.studiofragola.fr\/index.php?rest_route=\/wp\/v2\/pages"}],"about":[{"href":"https:\/\/www.studiofragola.fr\/index.php?rest_route=\/wp\/v2\/types\/page"}],"author":[{"embeddable":true,"href":"https:\/\/www.studiofragola.fr\/index.php?rest_route=\/wp\/v2\/users\/1"}],"replies":[{"embeddable":true,"href":"https:\/\/www.studiofragola.fr\/index.php?rest_route=%2Fwp%2Fv2%2Fcomments&post=687"}],"version-history":[{"count":20,"href":"https:\/\/www.studiofragola.fr\/index.php?rest_route=\/wp\/v2\/pages\/687\/revisions"}],"predecessor-version":[{"id":988146,"href":"https:\/\/www.studiofragola.fr\/index.php?rest_route=\/wp\/v2\/pages\/687\/revisions\/988146"}],"wp:attachment":[{"href":"https:\/\/www.studiofragola.fr\/index.php?rest_route=%2Fwp%2Fv2%2Fmedia&parent=687"}],"curies":[{"name":"wp","href":"https:\/\/api.w.org\/{rel}","templated":true}]}}